{"id":2,"date":"2018-01-23T14:07:14","date_gmt":"2018-01-23T14:07:14","guid":{"rendered":"http:\/\/web4work.ch\/putzfroue\/?page_id=2"},"modified":"2018-01-30T21:15:00","modified_gmt":"2018-01-30T21:15:00","slug":"about","status":"publish","type":"page","link":"http:\/\/web4work.ch\/putzfroue\/?page_id=2","title":{"rendered":"\u00fcber \u00fcs"},"content":{"rendered":"<table style=\"font-size: 1rem;\" width=\"100%\" cellspacing=\"1\" cellpadding=\"1\">\n<tbody>\n<tr>\n<td>\n<p align=\"JUSTIFY\">Die PutzFroueBern reinigen seit 1991 die Gassen an der Fasnacht Bern. Da dies normalerweise erst zu sp\u00e4ter Stunde stattfindet, sind wir gezwungen auch an den offiziellen sowie inoffiziellen Festanl\u00e4ssen teilzunehmen, was uns nat\u00fcrlich sehr widerstrebt. (Es ist auch schon vorgekommen, dass einzelne nicht mehr f\u00e4hig waren ihren Auftrag auszuf\u00fchren &#8230;!)<\/p>\n<p align=\"JUSTIFY\">Da das Putzen immer sehr viel Kraft braucht m\u00fcssen sich die Putzfrauen regelm\u00e4ssig st\u00e4rken. Nat\u00fcrlich aus den Putzflaschen welche sich in den verschiedenen Putzkesseln befinden. (Probieren Sie einmal, es wird Ihnen sicher nicht schmecken, aber fein ist es trotzdem).<\/p>\n<p align=\"JUSTIFY\">An dieser Stelle m\u00f6chten wir einmal anf\u00fcgen, dass entgegen allen Behauptungen von diversen, zum Teil sehr alten, Fasnachtsg\u00e4ngern diese Getr\u00e4nke gar nicht gut seinen&#8230;.!<\/p>\n<p align=\"JUSTIFY\">Unsere Gruppierung besteht aus professionellen PutzFroue. (jede mit einem MeisterPropper-Schulabschluss, wobei keine lesen oder schreiben kann). Da es unheimlich schwierig ist dieses Diplom zu erlangen, k\u00f6nnen wir im Moment keine weiteren Arbeitskr\u00e4fte einstellen. Sobald sich Vakanzen ergeben sollten, (wenn eine lesen oder schreiben, oder noch schlimmer gleich beides k\u00f6nnte) werden wir an dieser Stelle einen Vermerk anbringen.<\/p>\n<p align=\"JUSTIFY\">Wir w\u00fcnschen Dir viel Spass beim besichtigen unserer PutzSeite &#8211; und wenn Du dann all diesen Unsinn auch gelesen hast, dann komm doch einfach an einer Fasnacht zu uns, und Du wirst reichlich belohnt.!<\/p>\n<\/td>\n<\/tr>\n<\/tbody>\n<\/table>\n","protected":false},"excerpt":{"rendered":"<p>Die PutzFroueBern reinigen seit 1991 die Gassen an der Fasnacht Bern. Da dies normalerweise erst zu sp\u00e4ter Stunde stattfindet, sind wir gezwungen auch an den offiziellen sowie inoffiziellen Festanl\u00e4ssen teilzunehmen, was uns nat\u00fcrlich sehr widerstrebt. (Es ist auch schon vorgekommen, dass einzelne nicht mehr f\u00e4hig waren ihren Auftrag auszuf\u00fchren &#8230;!) Da das Putzen immer sehr &hellip; <\/p>\n<p class=\"link-more\"><a href=\"http:\/\/web4work.ch\/putzfroue\/?page_id=2\" class=\"more-link\"><span class=\"screen-reader-text\">\u201e\u00fcber \u00fcs\u201c<\/span> weiterlesen<\/a><\/p>\n","protected":false},"author":1,"featured_media":0,"parent":0,"menu_order":0,"comment_status":"open","ping_status":"open","template":"","meta":{"footnotes":""},"class_list":["post-2","page","type-page","status-publish","hentry"],"_links":{"self":[{"href":"http:\/\/web4work.ch\/putzfroue\/index.php?rest_route=\/wp\/v2\/pages\/2","targetHints":{"allow":["GET"]}}],"collection":[{"href":"http:\/\/web4work.ch\/putzfroue\/index.php?rest_route=\/wp\/v2\/pages"}],"about":[{"href":"http:\/\/web4work.ch\/putzfroue\/index.php?rest_route=\/wp\/v2\/types\/page"}],"author":[{"embeddable":true,"href":"http:\/\/web4work.ch\/putzfroue\/index.php?rest_route=\/wp\/v2\/users\/1"}],"replies":[{"embeddable":true,"href":"http:\/\/web4work.ch\/putzfroue\/index.php?rest_route=%2Fwp%2Fv2%2Fcomments&post=2"}],"version-history":[{"count":3,"href":"http:\/\/web4work.ch\/putzfroue\/index.php?rest_route=\/wp\/v2\/pages\/2\/revisions"}],"predecessor-version":[{"id":171,"href":"http:\/\/web4work.ch\/putzfroue\/index.php?rest_route=\/wp\/v2\/pages\/2\/revisions\/171"}],"wp:attachment":[{"href":"http:\/\/web4work.ch\/putzfroue\/index.php?rest_route=%2Fwp%2Fv2%2Fmedia&parent=2"}],"curies":[{"name":"wp","href":"https:\/\/api.w.org\/{rel}","templated":true}]}}