{"id":202,"date":"2018-02-02T10:22:59","date_gmt":"2018-02-02T10:22:59","guid":{"rendered":"http:\/\/web4work.ch\/putzfroue\/?page_id=202"},"modified":"2018-02-25T12:57:38","modified_gmt":"2018-02-25T12:57:38","slug":"bigmama-propper","status":"publish","type":"page","link":"http:\/\/web4work.ch\/putzfroue\/?page_id=202","title":{"rendered":"BigMama Propper"},"content":{"rendered":"<p>BigMama, was sollen wir dazu gross sagen! Sie ist ein Gr\u00fcndungsmitglied der Putzfroue und dementsprechend auch schon lange dabei.<\/p>\n<p>BigMama und die PutzFroue haben eine lange Geschichte zusammen. Von den Anf\u00e4ngen mit B\u00e4renfallen \u00fcber blitzblanke Polizeiautos bis Politikerinnen ist da schon alles vorgekommen was Rang und Name hatte.<\/p>\n<p>BigMama ist nat\u00fcrlich immer dabei wenn es ums feiern geht \u2013 das versteht sich von Selbst. Sie ist zu sp\u00e4ter Stunde vielfach im Seemanskeller anzutreffen und geh\u00f6rt zu denen, welche die Stadt dann am Sonntag meistens schliessen.<\/p>\n\n<table id=\"tablepress-1\" class=\"tablepress tablepress-id-1\">\n<thead>\n<tr class=\"row-1\">\n\t<th class=\"column-1\">Name<\/th><th class=\"column-2\">BigMama Propper<\/th>\n<\/tr>\n<\/thead>\n<tbody class=\"row-striping row-hover\">\n<tr class=\"row-2\">\n\t<td class=\"column-1\">Bei den PutzFroue seit<\/td><td class=\"column-2\">1992<\/td>\n<\/tr>\n<tr class=\"row-3\">\n\t<td class=\"column-1\">Ausbildung<\/td><td class=\"column-2\">Diplomlehrgang bei Quick &amp; Clean Propper in Rom bei S.Rocco.<\/td>\n<\/tr>\n<tr class=\"row-4\">\n\t<td class=\"column-1\">Beruf<\/td><td class=\"column-2\">Autoscheibenreinigerin<\/td>\n<\/tr>\n<tr class=\"row-5\">\n\t<td class=\"column-1\">Wo ist sie w\u00e4hrend dem Jahr<\/td><td class=\"column-2\">Immer mit Aussicht auf den See<\/td>\n<\/tr>\n<tr class=\"row-6\">\n\t<td class=\"column-1\">FeiglingBarometer<\/td><td class=\"column-2\">46<\/td>\n<\/tr>\n<tr class=\"row-7\">\n\t<td class=\"column-1\">Sie zierte unser Plagette im <\/td><td class=\"column-2\">2014<\/td>\n<\/tr>\n<tr class=\"row-8\">\n\t<td class=\"column-1\">so sch\u00f6n - gell<\/td><td class=\"column-2\"><a href=\"http:\/\/web4work.ch\/putzfroue\/wp-content\/uploads\/2018\/01\/Plakette-2014-Bigmama.jpg\"><img fetchpriority=\"high\" decoding=\"async\" src=\"http:\/\/web4work.ch\/putzfroue\/wp-content\/uploads\/2018\/01\/Plakette-2014-Bigmama-300x300.jpg\" alt=\"\" width=\"300\" height=\"300\" class=\"alignnone size-medium wp-image-89\" srcset=\"http:\/\/web4work.ch\/putzfroue\/wp-content\/uploads\/2018\/01\/Plakette-2014-Bigmama-300x300.jpg 300w, http:\/\/web4work.ch\/putzfroue\/wp-content\/uploads\/2018\/01\/Plakette-2014-Bigmama-150x150.jpg 150w, http:\/\/web4work.ch\/putzfroue\/wp-content\/uploads\/2018\/01\/Plakette-2014-Bigmama-768x768.jpg 768w, http:\/\/web4work.ch\/putzfroue\/wp-content\/uploads\/2018\/01\/Plakette-2014-Bigmama-100x100.jpg 100w, http:\/\/web4work.ch\/putzfroue\/wp-content\/uploads\/2018\/01\/Plakette-2014-Bigmama.jpg 831w\" sizes=\"(max-width: 300px) 100vw, 300px\" \/><\/a><\/td>\n<\/tr>\n<\/tbody>\n<\/table>\n<!-- #tablepress-1 from cache -->\n","protected":false},"excerpt":{"rendered":"<p>BigMama, was sollen wir dazu gross sagen! Sie ist ein Gr\u00fcndungsmitglied der Putzfroue und dementsprechend auch schon lange dabei. BigMama und die PutzFroue haben eine lange Geschichte zusammen. Von den Anf\u00e4ngen mit B\u00e4renfallen \u00fcber blitzblanke Polizeiautos bis Politikerinnen ist da schon alles vorgekommen was Rang und Name hatte. BigMama ist nat\u00fcrlich immer dabei wenn es &hellip; <\/p>\n<p class=\"link-more\"><a href=\"http:\/\/web4work.ch\/putzfroue\/?page_id=202\" class=\"more-link\"><span class=\"screen-reader-text\">\u201eBigMama Propper\u201c<\/span> weiterlesen<\/a><\/p>\n","protected":false},"author":1,"featured_media":270,"parent":0,"menu_order":0,"comment_status":"closed","ping_status":"closed","template":"","meta":{"footnotes":""},"class_list":["post-202","page","type-page","status-publish","has-post-thumbnail","hentry"],"_links":{"self":[{"href":"http:\/\/web4work.ch\/putzfroue\/index.php?rest_route=\/wp\/v2\/pages\/202","targetHints":{"allow":["GET"]}}],"collection":[{"href":"http:\/\/web4work.ch\/putzfroue\/index.php?rest_route=\/wp\/v2\/pages"}],"about":[{"href":"http:\/\/web4work.ch\/putzfroue\/index.php?rest_route=\/wp\/v2\/types\/page"}],"author":[{"embeddable":true,"href":"http:\/\/web4work.ch\/putzfroue\/index.php?rest_route=\/wp\/v2\/users\/1"}],"replies":[{"embeddable":true,"href":"http:\/\/web4work.ch\/putzfroue\/index.php?rest_route=%2Fwp%2Fv2%2Fcomments&post=202"}],"version-history":[{"count":1,"href":"http:\/\/web4work.ch\/putzfroue\/index.php?rest_route=\/wp\/v2\/pages\/202\/revisions"}],"predecessor-version":[{"id":203,"href":"http:\/\/web4work.ch\/putzfroue\/index.php?rest_route=\/wp\/v2\/pages\/202\/revisions\/203"}],"wp:featuredmedia":[{"embeddable":true,"href":"http:\/\/web4work.ch\/putzfroue\/index.php?rest_route=\/wp\/v2\/media\/270"}],"wp:attachment":[{"href":"http:\/\/web4work.ch\/putzfroue\/index.php?rest_route=%2Fwp%2Fv2%2Fmedia&parent=202"}],"curies":[{"name":"wp","href":"https:\/\/api.w.org\/{rel}","templated":true}]}}