{"id":205,"date":"2018-02-02T10:24:41","date_gmt":"2018-02-02T10:24:41","guid":{"rendered":"http:\/\/web4work.ch\/putzfroue\/?page_id=205"},"modified":"2018-02-02T10:24:41","modified_gmt":"2018-02-02T10:24:41","slug":"kunigunde-kaercher","status":"publish","type":"page","link":"http:\/\/web4work.ch\/putzfroue\/?page_id=205","title":{"rendered":"Kunigunde K\u00e4rcher"},"content":{"rendered":"<p>KUNIGUNDE ist ebenfalls ein Gr\u00fcndungsmitglied der PutzFroue und stammt eigentlich aus Schweden. Anders sind die Auftritte in den Anf\u00e4ngen der Fasnacht nicht zu erkl\u00e4ren. Bei Temperaturen im Minus Bereich \u2013 und ja es war wirklich saukalt \u2013 kommt die doch mit dem Minsch\u00fcpp. Aber sch\u00f6n sieht sie trotzdem aus.<\/p>\n<p>KUNIGUNDE hatte ebenfalls in fr\u00fcherer Zeit Eins\u00e4tze in anderen St\u00e4dten. Aber auch hier kam der Ententiefflug-Manager in die quere \u2013 Platsch und die Schminke war weg. (Het so richtig br\u00e4tschet wo di \u00c4nte dr Kunigunde isch i Grind gefolge \u2013 ich super gsy).<\/p>\n<p>KUNIGUNDE war fr\u00fcher auch im Merkur am Zytglogge zu sp\u00e4ter Stunde anzutreffen. Leider wurden ihr die PutzMittel vielfach ausgesch\u00fcttet.\n<table id=\"tablepress-14\" class=\"tablepress tablepress-id-14\">\n<thead>\n<tr class=\"row-1\">\n\t<th class=\"column-1\">Name<\/th><th class=\"column-2\">Kunigunde K\u00e4rcher<\/th>\n<\/tr>\n<\/thead>\n<tbody class=\"row-striping row-hover\">\n<tr class=\"row-2\">\n\t<td class=\"column-1\">Bei den PutzFroue seit<\/td><td class=\"column-2\">1992<\/td>\n<\/tr>\n<tr class=\"row-3\">\n\t<td class=\"column-1\">Ausbildung<\/td><td class=\"column-2\">MeisterPropper Diplom<\/td>\n<\/tr>\n<tr class=\"row-4\">\n\t<td class=\"column-1\">Beruf<\/td><td class=\"column-2\">K\u00e4rcherGummiStiefel Texterin im erweiterten Europ\u00e4ischem Raum<\/td>\n<\/tr>\n<tr class=\"row-5\">\n\t<td class=\"column-1\">Wo ist sie w\u00e4hrend dem Jahr<\/td><td class=\"column-2\">Immer auf Achse<\/td>\n<\/tr>\n<tr class=\"row-6\">\n\t<td class=\"column-1\">FeiglingBarometer<\/td><td class=\"column-2\">39<\/td>\n<\/tr>\n<tr class=\"row-7\">\n\t<td class=\"column-1\">Sie zierte unser Plagette im <\/td><td class=\"column-2\">2008<\/td>\n<\/tr>\n<tr class=\"row-8\">\n\t<td class=\"column-1\">so sch\u00f6n - gell<\/td><td class=\"column-2\"><a href=\"http:\/\/web4work.ch\/putzfroue\/wp-content\/uploads\/2018\/01\/Plakette-2008-Kunigunde.jpg\"><img fetchpriority=\"high\" decoding=\"async\" src=\"http:\/\/web4work.ch\/putzfroue\/wp-content\/uploads\/2018\/01\/Plakette-2008-Kunigunde-300x300.jpg\" alt=\"\" width=\"300\" height=\"300\" class=\"alignnone size-medium wp-image-83\" srcset=\"http:\/\/web4work.ch\/putzfroue\/wp-content\/uploads\/2018\/01\/Plakette-2008-Kunigunde-300x300.jpg 300w, http:\/\/web4work.ch\/putzfroue\/wp-content\/uploads\/2018\/01\/Plakette-2008-Kunigunde-150x150.jpg 150w, http:\/\/web4work.ch\/putzfroue\/wp-content\/uploads\/2018\/01\/Plakette-2008-Kunigunde-768x768.jpg 768w, http:\/\/web4work.ch\/putzfroue\/wp-content\/uploads\/2018\/01\/Plakette-2008-Kunigunde-1024x1024.jpg 1024w, http:\/\/web4work.ch\/putzfroue\/wp-content\/uploads\/2018\/01\/Plakette-2008-Kunigunde-100x100.jpg 100w, http:\/\/web4work.ch\/putzfroue\/wp-content\/uploads\/2018\/01\/Plakette-2008-Kunigunde.jpg 1128w\" sizes=\"(max-width: 300px) 100vw, 300px\" \/><\/a><\/td>\n<\/tr>\n<\/tbody>\n<\/table>\n<!-- #tablepress-14 from cache --><\/p>\n","protected":false},"excerpt":{"rendered":"<p>KUNIGUNDE ist ebenfalls ein Gr\u00fcndungsmitglied der PutzFroue und stammt eigentlich aus Schweden. Anders sind die Auftritte in den Anf\u00e4ngen der Fasnacht nicht zu erkl\u00e4ren. Bei Temperaturen im Minus Bereich \u2013 und ja es war wirklich saukalt \u2013 kommt die doch mit dem Minsch\u00fcpp. Aber sch\u00f6n sieht sie trotzdem aus. KUNIGUNDE hatte ebenfalls in fr\u00fcherer Zeit &hellip; <\/p>\n<p class=\"link-more\"><a href=\"http:\/\/web4work.ch\/putzfroue\/?page_id=205\" class=\"more-link\"><span class=\"screen-reader-text\">\u201eKunigunde K\u00e4rcher\u201c<\/span> weiterlesen<\/a><\/p>\n","protected":false},"author":1,"featured_media":163,"parent":0,"menu_order":0,"comment_status":"closed","ping_status":"closed","template":"","meta":{"footnotes":""},"class_list":["post-205","page","type-page","status-publish","has-post-thumbnail","hentry"],"_links":{"self":[{"href":"http:\/\/web4work.ch\/putzfroue\/index.php?rest_route=\/wp\/v2\/pages\/205","targetHints":{"allow":["GET"]}}],"collection":[{"href":"http:\/\/web4work.ch\/putzfroue\/index.php?rest_route=\/wp\/v2\/pages"}],"about":[{"href":"http:\/\/web4work.ch\/putzfroue\/index.php?rest_route=\/wp\/v2\/types\/page"}],"author":[{"embeddable":true,"href":"http:\/\/web4work.ch\/putzfroue\/index.php?rest_route=\/wp\/v2\/users\/1"}],"replies":[{"embeddable":true,"href":"http:\/\/web4work.ch\/putzfroue\/index.php?rest_route=%2Fwp%2Fv2%2Fcomments&post=205"}],"version-history":[{"count":1,"href":"http:\/\/web4work.ch\/putzfroue\/index.php?rest_route=\/wp\/v2\/pages\/205\/revisions"}],"predecessor-version":[{"id":206,"href":"http:\/\/web4work.ch\/putzfroue\/index.php?rest_route=\/wp\/v2\/pages\/205\/revisions\/206"}],"wp:featuredmedia":[{"embeddable":true,"href":"http:\/\/web4work.ch\/putzfroue\/index.php?rest_route=\/wp\/v2\/media\/163"}],"wp:attachment":[{"href":"http:\/\/web4work.ch\/putzfroue\/index.php?rest_route=%2Fwp%2Fv2%2Fmedia&parent=205"}],"curies":[{"name":"wp","href":"https:\/\/api.w.org\/{rel}","templated":true}]}}