{"id":214,"date":"2018-02-02T10:29:21","date_gmt":"2018-02-02T10:29:21","guid":{"rendered":"http:\/\/web4work.ch\/putzfroue\/?page_id=214"},"modified":"2018-02-02T10:29:21","modified_gmt":"2018-02-02T10:29:21","slug":"antonella-strubatelli","status":"publish","type":"page","link":"http:\/\/web4work.ch\/putzfroue\/?page_id=214","title":{"rendered":"Antonella Strubatelli"},"content":{"rendered":"<p>ANTONELLA ist immer f\u00fcr einen Spass oder den Austausch von Informationen zu haben. Fr\u00fcher war sie auch unter den Kosenamen Simione Ammann oder Haarlinde Potter unterwegs. Das war aber fr\u00fcher.<\/p>\n<p>ANTONELLA ist nat\u00fcrlich eine st\u00e4ndige Begleiterin am Umzug und f\u00fchrte diesen sehr lange an. Also eigentlich musste sie den Wagen schleppen \u2013 aber sagt ihr das ja nicht.<\/p>\n<p>ANTONELLA ist meistens bis sp\u00e4t morgens in der W\u00e4bere oder dem Jet L\u00e4g anzutreffen. Auf jeden Fall ist immer toll mit ihr zu feiern.<\/p>\n\n<table id=\"tablepress-2\" class=\"tablepress tablepress-id-2\">\n<thead>\n<tr class=\"row-1\">\n\t<th class=\"column-1\">Name<\/th><th class=\"column-2\">Antonella Strubatelli<\/th>\n<\/tr>\n<\/thead>\n<tbody class=\"row-striping row-hover\">\n<tr class=\"row-2\">\n\t<td class=\"column-1\">Bei den PutzFroue seit<\/td><td class=\"column-2\">2002<\/td>\n<\/tr>\n<tr class=\"row-3\">\n\t<td class=\"column-1\">Ausbildung<\/td><td class=\"column-2\">Studium der Desinfektionslehre von Schw\u00e4mmen bei Dr. Blauer K\u00fcbel im Keller<\/td>\n<\/tr>\n<tr class=\"row-4\">\n\t<td class=\"column-1\">Beruf<\/td><td class=\"column-2\">Autoscheibenreinigerin<\/td>\n<\/tr>\n<tr class=\"row-5\">\n\t<td class=\"column-1\">Wo ist sie w\u00e4hrend dem Jahr<\/td><td class=\"column-2\">Vielfach im Ausland bei virtuellen Reisen.<\/td>\n<\/tr>\n<tr class=\"row-6\">\n\t<td class=\"column-1\">FeiglingBarometer<\/td><td class=\"column-2\">65<\/td>\n<\/tr>\n<tr class=\"row-7\">\n\t<td class=\"column-1\">Sie zierte unser Plagette im <\/td><td class=\"column-2\">2015<\/td>\n<\/tr>\n<tr class=\"row-8\">\n\t<td class=\"column-1\">so sch\u00f6n - gell<\/td><td class=\"column-2\"><a href=\"http:\/\/web4work.ch\/putzfroue\/wp-content\/uploads\/2018\/01\/Plakette-2015-Antonella.png\"><img fetchpriority=\"high\" decoding=\"async\" src=\"http:\/\/web4work.ch\/putzfroue\/wp-content\/uploads\/2018\/01\/Plakette-2015-Antonella-300x300.png\" alt=\"\" width=\"300\" height=\"300\" class=\"alignnone size-medium wp-image-90\" srcset=\"http:\/\/web4work.ch\/putzfroue\/wp-content\/uploads\/2018\/01\/Plakette-2015-Antonella-300x300.png 300w, http:\/\/web4work.ch\/putzfroue\/wp-content\/uploads\/2018\/01\/Plakette-2015-Antonella-150x150.png 150w, http:\/\/web4work.ch\/putzfroue\/wp-content\/uploads\/2018\/01\/Plakette-2015-Antonella-100x100.png 100w, http:\/\/web4work.ch\/putzfroue\/wp-content\/uploads\/2018\/01\/Plakette-2015-Antonella.png 620w\" sizes=\"(max-width: 300px) 100vw, 300px\" \/><\/a><\/td>\n<\/tr>\n<\/tbody>\n<\/table>\n<!-- #tablepress-2 from cache -->\n","protected":false},"excerpt":{"rendered":"<p>ANTONELLA ist immer f\u00fcr einen Spass oder den Austausch von Informationen zu haben. Fr\u00fcher war sie auch unter den Kosenamen Simione Ammann oder Haarlinde Potter unterwegs. Das war aber fr\u00fcher. ANTONELLA ist nat\u00fcrlich eine st\u00e4ndige Begleiterin am Umzug und f\u00fchrte diesen sehr lange an. Also eigentlich musste sie den Wagen schleppen \u2013 aber sagt ihr &hellip; <\/p>\n<p class=\"link-more\"><a href=\"http:\/\/web4work.ch\/putzfroue\/?page_id=214\" class=\"more-link\"><span class=\"screen-reader-text\">\u201eAntonella Strubatelli\u201c<\/span> weiterlesen<\/a><\/p>\n","protected":false},"author":1,"featured_media":188,"parent":0,"menu_order":0,"comment_status":"closed","ping_status":"closed","template":"","meta":{"footnotes":""},"class_list":["post-214","page","type-page","status-publish","has-post-thumbnail","hentry"],"_links":{"self":[{"href":"http:\/\/web4work.ch\/putzfroue\/index.php?rest_route=\/wp\/v2\/pages\/214","targetHints":{"allow":["GET"]}}],"collection":[{"href":"http:\/\/web4work.ch\/putzfroue\/index.php?rest_route=\/wp\/v2\/pages"}],"about":[{"href":"http:\/\/web4work.ch\/putzfroue\/index.php?rest_route=\/wp\/v2\/types\/page"}],"author":[{"embeddable":true,"href":"http:\/\/web4work.ch\/putzfroue\/index.php?rest_route=\/wp\/v2\/users\/1"}],"replies":[{"embeddable":true,"href":"http:\/\/web4work.ch\/putzfroue\/index.php?rest_route=%2Fwp%2Fv2%2Fcomments&post=214"}],"version-history":[{"count":1,"href":"http:\/\/web4work.ch\/putzfroue\/index.php?rest_route=\/wp\/v2\/pages\/214\/revisions"}],"predecessor-version":[{"id":215,"href":"http:\/\/web4work.ch\/putzfroue\/index.php?rest_route=\/wp\/v2\/pages\/214\/revisions\/215"}],"wp:featuredmedia":[{"embeddable":true,"href":"http:\/\/web4work.ch\/putzfroue\/index.php?rest_route=\/wp\/v2\/media\/188"}],"wp:attachment":[{"href":"http:\/\/web4work.ch\/putzfroue\/index.php?rest_route=%2Fwp%2Fv2%2Fmedia&parent=214"}],"curies":[{"name":"wp","href":"https:\/\/api.w.org\/{rel}","templated":true}]}}