{"id":220,"date":"2018-02-02T10:36:46","date_gmt":"2018-02-02T10:36:46","guid":{"rendered":"http:\/\/web4work.ch\/putzfroue\/?page_id=220"},"modified":"2019-03-04T17:29:36","modified_gmt":"2019-03-04T17:29:36","slug":"carmen-vieja","status":"publish","type":"page","link":"http:\/\/web4work.ch\/putzfroue\/?page_id=220","title":{"rendered":"Carmen Vieja"},"content":{"rendered":"<p>CARMEN<\/p>\n<p>Carmen ist so eine PutzFrou die du so richtig gern haben musst. Zwar hat sie es nicht so mit der Ausdauer und der geschundene K\u00f6rper macht auch nicht immer mehr mit, aber mit dem Alter kommt der Appetit wie man so sch\u00f6n sagt.<br \/>\nCarmen platziert vielfach ihre ben\u00f6tigten Utensilien (auso dr Ch\u00fcbu bir B\u00f6sstation) einfach so ausserhalb der Stadt &#8211; eigentlich weiss niemand genau warum &#8211; da der Heimweg an eben dieser B\u00f6sstation vorbeif\u00fchrt sammelt man sage und schreibe ca. 15 Stunden sp\u00e4ter den Ch\u00fcbu wieder ein. Soll noch einer sagen bei den Putzfroue kommt was weg &#8211; gell Oeschine!<br \/>\nCarmen feiert meistens zusammen mit Rosalia, Flora, Bigmama und Patricia bis sp\u00e4t in die Nacht.<\/p>\n\n<table id=\"tablepress-11\" class=\"tablepress tablepress-id-11\">\n<thead>\n<tr class=\"row-1\">\n\t<th class=\"column-1\">Name<\/th><th class=\"column-2\">Carmen Vieja<\/th>\n<\/tr>\n<\/thead>\n<tbody class=\"row-striping row-hover\">\n<tr class=\"row-2\">\n\t<td class=\"column-1\">Bei den PutzFroue seit<\/td><td class=\"column-2\">2014<\/td>\n<\/tr>\n<tr class=\"row-3\">\n\t<td class=\"column-1\">Ausbildung<\/td><td class=\"column-2\">Sklaventreiberin<\/td>\n<\/tr>\n<tr class=\"row-4\">\n\t<td class=\"column-1\">Beruf<\/td><td class=\"column-2\">Leiterin Gewerkschaft unabh\u00e4ngiger PutzFroue<\/td>\n<\/tr>\n<tr class=\"row-5\">\n\t<td class=\"column-1\">Wo ist sie w\u00e4hrend dem Jahr<\/td><td class=\"column-2\">Auf dem Balkon - sch\u00f6n ist es dort...!<\/td>\n<\/tr>\n<tr class=\"row-6\">\n\t<td class=\"column-1\">FeiglingBarometer<\/td><td class=\"column-2\">08<\/td>\n<\/tr>\n<tr class=\"row-7\">\n\t<td class=\"column-1\">Sie zierte unser Plagette im <\/td><td class=\"column-2\">ist eine Kandidatin f\u00fcr die n\u00e4chsten Jahre<\/td>\n<\/tr>\n<tr class=\"row-8\">\n\t<td class=\"column-1\">wird sicher sch\u00f6n<\/td><td class=\"column-2\"><\/td>\n<\/tr>\n<\/tbody>\n<\/table>\n<!-- #tablepress-11 from cache -->\n","protected":false},"excerpt":{"rendered":"<p>CARMEN Carmen ist so eine PutzFrou die du so richtig gern haben musst. Zwar hat sie es nicht so mit der Ausdauer und der geschundene K\u00f6rper macht auch nicht immer mehr mit, aber mit dem Alter kommt der Appetit wie man so sch\u00f6n sagt. Carmen platziert vielfach ihre ben\u00f6tigten Utensilien (auso dr Ch\u00fcbu bir B\u00f6sstation) &hellip; <\/p>\n<p class=\"link-more\"><a href=\"http:\/\/web4work.ch\/putzfroue\/?page_id=220\" class=\"more-link\"><span class=\"screen-reader-text\">\u201eCarmen Vieja\u201c<\/span> weiterlesen<\/a><\/p>\n","protected":false},"author":1,"featured_media":149,"parent":0,"menu_order":0,"comment_status":"closed","ping_status":"closed","template":"","meta":{"footnotes":""},"class_list":["post-220","page","type-page","status-publish","has-post-thumbnail","hentry"],"_links":{"self":[{"href":"http:\/\/web4work.ch\/putzfroue\/index.php?rest_route=\/wp\/v2\/pages\/220","targetHints":{"allow":["GET"]}}],"collection":[{"href":"http:\/\/web4work.ch\/putzfroue\/index.php?rest_route=\/wp\/v2\/pages"}],"about":[{"href":"http:\/\/web4work.ch\/putzfroue\/index.php?rest_route=\/wp\/v2\/types\/page"}],"author":[{"embeddable":true,"href":"http:\/\/web4work.ch\/putzfroue\/index.php?rest_route=\/wp\/v2\/users\/1"}],"replies":[{"embeddable":true,"href":"http:\/\/web4work.ch\/putzfroue\/index.php?rest_route=%2Fwp%2Fv2%2Fcomments&post=220"}],"version-history":[{"count":4,"href":"http:\/\/web4work.ch\/putzfroue\/index.php?rest_route=\/wp\/v2\/pages\/220\/revisions"}],"predecessor-version":[{"id":287,"href":"http:\/\/web4work.ch\/putzfroue\/index.php?rest_route=\/wp\/v2\/pages\/220\/revisions\/287"}],"wp:featuredmedia":[{"embeddable":true,"href":"http:\/\/web4work.ch\/putzfroue\/index.php?rest_route=\/wp\/v2\/media\/149"}],"wp:attachment":[{"href":"http:\/\/web4work.ch\/putzfroue\/index.php?rest_route=%2Fwp%2Fv2%2Fmedia&parent=220"}],"curies":[{"name":"wp","href":"https:\/\/api.w.org\/{rel}","templated":true}]}}