{"id":222,"date":"2018-02-02T10:38:01","date_gmt":"2018-02-02T10:38:01","guid":{"rendered":"http:\/\/web4work.ch\/putzfroue\/?page_id=222"},"modified":"2019-03-04T17:32:08","modified_gmt":"2019-03-04T17:32:08","slug":"flora","status":"publish","type":"page","link":"http:\/\/web4work.ch\/putzfroue\/?page_id=222","title":{"rendered":"Flora Scopa"},"content":{"rendered":"<p>FLORA Scopa ist eigentlich die sch\u00f6nste unter uns &#8211; \u00e4ber s\u00e4get das ire ja nid!! Flora ist immer mit ganzer Kraft mit von der Partie und feiert meistens bis zum Umfallen. Es ist immer unheimlich lusitg mit ihr- jedoch ist Sie immer schon um 2 Uhr m\u00fcde und muss auf&#8217;s Tram &#8211; Meistens auf&#8217;s erste Tram..<\/p>\n\n<table id=\"tablepress-12\" class=\"tablepress tablepress-id-12\">\n<thead>\n<tr class=\"row-1\">\n\t<th class=\"column-1\">Name<\/th><th class=\"column-2\">Flora Scopa<\/th>\n<\/tr>\n<\/thead>\n<tbody class=\"row-striping row-hover\">\n<tr class=\"row-2\">\n\t<td class=\"column-1\">Bei den PutzFroue seit<\/td><td class=\"column-2\">2015<\/td>\n<\/tr>\n<tr class=\"row-3\">\n\t<td class=\"column-1\">Ausbildung<\/td><td class=\"column-2\">Das Diplom haben wir ihr noch nicht gegeben. Braucht noch etwas<\/td>\n<\/tr>\n<tr class=\"row-4\">\n\t<td class=\"column-1\">Beruf<\/td><td class=\"column-2\">Professionelle Handyflaschen Jongliererin<\/td>\n<\/tr>\n<tr class=\"row-5\">\n\t<td class=\"column-1\">Wo ist sie w\u00e4hrend dem Jahr<\/td><td class=\"column-2\">Das w\u00fcssten wir auch gerne<\/td>\n<\/tr>\n<tr class=\"row-6\">\n\t<td class=\"column-1\">FeiglingBarometer<\/td><td class=\"column-2\">39<\/td>\n<\/tr>\n<tr class=\"row-7\">\n\t<td class=\"column-1\">Sie zierte unser Plagette im <\/td><td class=\"column-2\">ist eine Kandidatin f\u00fcr die n\u00e4chsten Jahre<\/td>\n<\/tr>\n<tr class=\"row-8\">\n\t<td class=\"column-1\">wird sicher sch\u00f6n<\/td><td class=\"column-2\"><\/td>\n<\/tr>\n<\/tbody>\n<\/table>\n<!-- #tablepress-12 from cache -->\n","protected":false},"excerpt":{"rendered":"<p>FLORA Scopa ist eigentlich die sch\u00f6nste unter uns &#8211; \u00e4ber s\u00e4get das ire ja nid!! Flora ist immer mit ganzer Kraft mit von der Partie und feiert meistens bis zum Umfallen. Es ist immer unheimlich lusitg mit ihr- jedoch ist Sie immer schon um 2 Uhr m\u00fcde und muss auf&#8217;s Tram &#8211; Meistens auf&#8217;s erste &hellip; <\/p>\n<p class=\"link-more\"><a href=\"http:\/\/web4work.ch\/putzfroue\/?page_id=222\" class=\"more-link\"><span class=\"screen-reader-text\">\u201eFlora Scopa\u201c<\/span> weiterlesen<\/a><\/p>\n","protected":false},"author":1,"featured_media":269,"parent":0,"menu_order":0,"comment_status":"closed","ping_status":"closed","template":"","meta":{"footnotes":""},"class_list":["post-222","page","type-page","status-publish","has-post-thumbnail","hentry"],"_links":{"self":[{"href":"http:\/\/web4work.ch\/putzfroue\/index.php?rest_route=\/wp\/v2\/pages\/222","targetHints":{"allow":["GET"]}}],"collection":[{"href":"http:\/\/web4work.ch\/putzfroue\/index.php?rest_route=\/wp\/v2\/pages"}],"about":[{"href":"http:\/\/web4work.ch\/putzfroue\/index.php?rest_route=\/wp\/v2\/types\/page"}],"author":[{"embeddable":true,"href":"http:\/\/web4work.ch\/putzfroue\/index.php?rest_route=\/wp\/v2\/users\/1"}],"replies":[{"embeddable":true,"href":"http:\/\/web4work.ch\/putzfroue\/index.php?rest_route=%2Fwp%2Fv2%2Fcomments&post=222"}],"version-history":[{"count":4,"href":"http:\/\/web4work.ch\/putzfroue\/index.php?rest_route=\/wp\/v2\/pages\/222\/revisions"}],"predecessor-version":[{"id":288,"href":"http:\/\/web4work.ch\/putzfroue\/index.php?rest_route=\/wp\/v2\/pages\/222\/revisions\/288"}],"wp:featuredmedia":[{"embeddable":true,"href":"http:\/\/web4work.ch\/putzfroue\/index.php?rest_route=\/wp\/v2\/media\/269"}],"wp:attachment":[{"href":"http:\/\/web4work.ch\/putzfroue\/index.php?rest_route=%2Fwp%2Fv2%2Fmedia&parent=222"}],"curies":[{"name":"wp","href":"https:\/\/api.w.org\/{rel}","templated":true}]}}