{"id":248,"date":"2018-02-02T11:06:17","date_gmt":"2018-02-02T11:06:17","guid":{"rendered":"http:\/\/web4work.ch\/putzfroue\/?page_id=248"},"modified":"2018-02-25T13:08:49","modified_gmt":"2018-02-25T13:08:49","slug":"aurora-bref","status":"publish","type":"page","link":"http:\/\/web4work.ch\/putzfroue\/?page_id=248","title":{"rendered":"Leandra Bref"},"content":{"rendered":"<p>LEANDRA ist unsere Novizin und somit das j\u00fcngste Mitglied bei den PutzFroue. Sie muss den goldenden Feiglingk\u00fcbel immer und \u00fcber rumtragen.<br \/>\nJedes Mal wenn es &#8222;Feigling&#8220; heisst, ist sie zur Stelle und verteilt diese &#8211; meistens&#8230;<\/p>\n\n<table id=\"tablepress-16\" class=\"tablepress tablepress-id-16\">\n<thead>\n<tr class=\"row-1\">\n\t<th class=\"column-1\">Name<\/th><th class=\"column-2\">Leandra Bref<\/th>\n<\/tr>\n<\/thead>\n<tbody class=\"row-striping row-hover\">\n<tr class=\"row-2\">\n\t<td class=\"column-1\">Bei den PutzFroue seit<\/td><td class=\"column-2\">2017<\/td>\n<\/tr>\n<tr class=\"row-3\">\n\t<td class=\"column-1\">Ausbildung<\/td><td class=\"column-2\">Aurora ist in Ausbildung<\/td>\n<\/tr>\n<tr class=\"row-4\">\n\t<td class=\"column-1\">Beruf<\/td><td class=\"column-2\">Novizin<\/td>\n<\/tr>\n<tr class=\"row-5\">\n\t<td class=\"column-1\">Wo ist sie w\u00e4hrend dem Jahr<\/td><td class=\"column-2\">immer am bewachen des Feiglingkessels<\/td>\n<\/tr>\n<tr class=\"row-6\">\n\t<td class=\"column-1\">FeiglingBarometer<\/td><td class=\"column-2\">0.235<\/td>\n<\/tr>\n<tr class=\"row-7\">\n\t<td class=\"column-1\">Sie zierte unser Plagette im <\/td><td class=\"column-2\">Ist eine Kandidatin, wenn Sie denn das Novizentum \u00fcbersteht<\/td>\n<\/tr>\n<tr class=\"row-8\">\n\t<td class=\"column-1\">so sch\u00f6n - gell<\/td><td class=\"column-2\"><\/td>\n<\/tr>\n<\/tbody>\n<\/table>\n<!-- #tablepress-16 from cache -->\n","protected":false},"excerpt":{"rendered":"<p>LEANDRA ist unsere Novizin und somit das j\u00fcngste Mitglied bei den PutzFroue. Sie muss den goldenden Feiglingk\u00fcbel immer und \u00fcber rumtragen. Jedes Mal wenn es &#8222;Feigling&#8220; heisst, ist sie zur Stelle und verteilt diese &#8211; meistens&#8230;<\/p>\n","protected":false},"author":1,"featured_media":273,"parent":0,"menu_order":0,"comment_status":"closed","ping_status":"closed","template":"","meta":{"footnotes":""},"class_list":["post-248","page","type-page","status-publish","has-post-thumbnail","hentry"],"_links":{"self":[{"href":"http:\/\/web4work.ch\/putzfroue\/index.php?rest_route=\/wp\/v2\/pages\/248","targetHints":{"allow":["GET"]}}],"collection":[{"href":"http:\/\/web4work.ch\/putzfroue\/index.php?rest_route=\/wp\/v2\/pages"}],"about":[{"href":"http:\/\/web4work.ch\/putzfroue\/index.php?rest_route=\/wp\/v2\/types\/page"}],"author":[{"embeddable":true,"href":"http:\/\/web4work.ch\/putzfroue\/index.php?rest_route=\/wp\/v2\/users\/1"}],"replies":[{"embeddable":true,"href":"http:\/\/web4work.ch\/putzfroue\/index.php?rest_route=%2Fwp%2Fv2%2Fcomments&post=248"}],"version-history":[{"count":3,"href":"http:\/\/web4work.ch\/putzfroue\/index.php?rest_route=\/wp\/v2\/pages\/248\/revisions"}],"predecessor-version":[{"id":263,"href":"http:\/\/web4work.ch\/putzfroue\/index.php?rest_route=\/wp\/v2\/pages\/248\/revisions\/263"}],"wp:featuredmedia":[{"embeddable":true,"href":"http:\/\/web4work.ch\/putzfroue\/index.php?rest_route=\/wp\/v2\/media\/273"}],"wp:attachment":[{"href":"http:\/\/web4work.ch\/putzfroue\/index.php?rest_route=%2Fwp%2Fv2%2Fmedia&parent=248"}],"curies":[{"name":"wp","href":"https:\/\/api.w.org\/{rel}","templated":true}]}}